{"id":13981,"date":"2024-03-23T15:14:34","date_gmt":"2024-03-23T13:14:34","guid":{"rendered":"http:\/\/www.aqua-sports-delligsen.de\/?page_id=13981"},"modified":"2024-06-30T18:29:42","modified_gmt":"2024-06-30T16:29:42","slug":"freizeit-gruppe","status":"publish","type":"page","link":"http:\/\/www.aqua-sports-delligsen.de\/?page_id=13981","title":{"rendered":"Freizeit-Gruppe"},"content":{"rendered":"\n<h1 class=\"wp-block-heading\">Freizeit &#8211; Gruppe<\/h1>\n\n\n\n<p>Unsere Freizeit-Gruppe ist speziell f\u00fcr Kinder und Jugendliche gedacht, die sich in entspannter Atmosph\u00e4re fit halten und die Freude am Schwimmen entdecken m\u00f6chten, ohne den Druck von Wettk\u00e4mpfen.<\/p>\n\n\n\n<p>Das Training findet jeweils montags und mittwochs statt und bietet eine einladende Gelegenheit f\u00fcr Sportler und Sportlerinnen, gemeinsam mit Gleichaltrigen im Pool zu schwimmen. Unsere Freizeit-Schwimmer und Schwimmerinnen haben die M\u00f6glichkeit, in einer freundlichen und unterst\u00fctzenden Umgebung ihre Schwimmtechnik zu verbessern und gleichzeitig Spa\u00df zu haben.<\/p>\n\n\n\n<p>Die Trainingseinheiten schaffen eine motivierende Atmosph\u00e4re, in der sich die Kinder gegenseitig unterst\u00fctzen und inspirieren k\u00f6nnen. Egal, ob Ihr Kind seine\/ihre Schwimmfertigkeiten verfeinern oder einfach nur eine angenehme Zeit im Wasser verbringen m\u00f6chte \u2013 unsere Freizeit-Schwimmgruppe bietet daf\u00fcr den perfekten Rahmen.<\/p>\n\n\n\n<p>Wenn Sie Interesse haben, Ihr Kind unserer Freizeit-Gruppe anzuschlie\u00dfen oder mehr \u00fcber unsere Aktivit\u00e4ten erfahren m\u00f6chtest, z\u00f6gere Sie nicht, uns zu kontaktieren oder einfach bei einem unserer Trainingseinheiten vorbeizuschauen. Wir freuen uns darauf, Ihr Kind in unserer Schwimmgemeinschaft willkommen zu hei\u00dfen und gemeinsam die Freuden des Schwimmens zu erleben!<\/p>\n\n\n\n<h2 class=\"wp-block-heading\">Trainingszeiten<\/h2>\n\n\n\n<figure class=\"wp-block-table\"><table><thead><tr><th class=\"has-text-align-center\" data-align=\"center\">Tag<\/th><th class=\"has-text-align-center\" data-align=\"center\">Uhrzeit<\/th><th class=\"has-text-align-center\" data-align=\"center\">Trainer<\/th><\/tr><\/thead><tbody><tr><td class=\"has-text-align-center\" data-align=\"center\">Montag<\/td><td class=\"has-text-align-center\" data-align=\"center\">16:15 &#8211; 17:00 Uhr<\/td><td class=\"has-text-align-center\" data-align=\"center\">Heike<\/td><\/tr><tr><td class=\"has-text-align-center\" data-align=\"center\">Mittwoch<\/td><td class=\"has-text-align-center\" data-align=\"center\">16:15 &#8211; 17:00 Uhr<\/td><td class=\"has-text-align-center\" data-align=\"center\">Silke<\/td><\/tr><\/tbody><\/table><\/figure>\n","protected":false},"excerpt":{"rendered":"<p>Freizeit &#8211; Gruppe Unsere Freizeit-Gruppe ist speziell f\u00fcr Kinder und Jugendliche gedacht, die sich in entspannter Atmosph\u00e4re fit halten und die Freude am Schwimmen entdecken m\u00f6chten, ohne den Druck von Wettk\u00e4mpfen. Das Training findet jeweils montags und mittwochs statt und bietet eine einladende Gelegenheit f\u00fcr Sportler und Sportlerinnen, gemeinsam mit Gleichaltrigen im Pool zu schwimmen. [&hellip;]<\/p>\n","protected":false},"author":7,"featured_media":0,"parent":172,"menu_order":5,"comment_status":"closed","ping_status":"closed","template":"","meta":{"site-container-style":"default","site-container-layout":"default","site-sidebar-layout":"default","site-transparent-header":"default","disable-article-header":"default","disable-site-header":"default","disable-site-footer":"default","disable-content-area-spacing":"default","ngg_post_thumbnail":0,"footnotes":""},"class_list":["post-13981","page","type-page","status-publish","hentry"],"featured_image_src":null,"_links":{"self":[{"href":"http:\/\/www.aqua-sports-delligsen.de\/index.php?rest_route=\/wp\/v2\/pages\/13981","targetHints":{"allow":["GET"]}}],"collection":[{"href":"http:\/\/www.aqua-sports-delligsen.de\/index.php?rest_route=\/wp\/v2\/pages"}],"about":[{"href":"http:\/\/www.aqua-sports-delligsen.de\/index.php?rest_route=\/wp\/v2\/types\/page"}],"author":[{"embeddable":true,"href":"http:\/\/www.aqua-sports-delligsen.de\/index.php?rest_route=\/wp\/v2\/users\/7"}],"replies":[{"embeddable":true,"href":"http:\/\/www.aqua-sports-delligsen.de\/index.php?rest_route=%2Fwp%2Fv2%2Fcomments&post=13981"}],"version-history":[{"count":5,"href":"http:\/\/www.aqua-sports-delligsen.de\/index.php?rest_route=\/wp\/v2\/pages\/13981\/revisions"}],"predecessor-version":[{"id":14379,"href":"http:\/\/www.aqua-sports-delligsen.de\/index.php?rest_route=\/wp\/v2\/pages\/13981\/revisions\/14379"}],"up":[{"embeddable":true,"href":"http:\/\/www.aqua-sports-delligsen.de\/index.php?rest_route=\/wp\/v2\/pages\/172"}],"wp:attachment":[{"href":"http:\/\/www.aqua-sports-delligsen.de\/index.php?rest_route=%2Fwp%2Fv2%2Fmedia&parent=13981"}],"curies":[{"name":"wp","href":"https:\/\/api.w.org\/{rel}","templated":true}]}}