{"id":222,"date":"2013-11-03T15:45:27","date_gmt":"2013-11-03T13:45:27","guid":{"rendered":"http:\/\/neu.aqua-sports-delligsen.de\/?page_id=222"},"modified":"2025-03-24T21:37:48","modified_gmt":"2025-03-24T19:37:48","slug":"mitglied-werden","status":"publish","type":"page","link":"http:\/\/www.aqua-sports-delligsen.de\/?page_id=222","title":{"rendered":"Mitglied werden"},"content":{"rendered":"\n<h1 class=\"wp-block-heading\" id=\"0-mitglied-werden\"><br>Mitglied werden<\/h1>\n\n\n\n<p>Unser Verein lebt von seinen Mitgliedern. Aktive Mitglieder, die Freude am Wasser haben, sind bei uns ebenso willkommen wie passive oder f\u00f6rdernde Mitglieder, die unseren Verein bereits mit einem geringen Beitrag unterst\u00fctzen k\u00f6nnen.<\/p>\n\n\n\n<h2 class=\"wp-block-heading\" id=\"1-wie-kann-man-mitglied-werden\">Wie kann man Mitglied werden?<\/h2>\n\n\n\n<p>Die Mitgliedschaft in unserem Verein zu erlangen ist ganz einfach: Sie m\u00fcssen nur die Eintrittserkl\u00e4rung ausf\u00fcllen und an unseren 1. Vorsitzenden senden.<\/p>\n\n\n\n<p><\/p>\n\n\n\n<h2 class=\"wp-block-heading\" id=\"2-mitgliedschaften\">Mitgliedschaften<\/h2>\n\n\n\n<div class=\"wp-block-columns is-layout-flex wp-container-core-columns-is-layout-9d6595d7 wp-block-columns-is-layout-flex\">\n<div class=\"wp-block-column is-layout-flow wp-block-column-is-layout-flow\">\n<figure class=\"wp-block-image size-large\"><img loading=\"lazy\" decoding=\"async\" width=\"1024\" height=\"1024\" src=\"http:\/\/www.aqua-sports-delligsen.de\/wp-content\/uploads\/2024\/09\/D054DD92-1559-49B4-8807-93FB79C894FC-1024x1024.png\" alt=\"\" class=\"wp-image-14664\" srcset=\"http:\/\/www.aqua-sports-delligsen.de\/wp-content\/uploads\/2024\/09\/D054DD92-1559-49B4-8807-93FB79C894FC-1024x1024.png 1024w, http:\/\/www.aqua-sports-delligsen.de\/wp-content\/uploads\/2024\/09\/D054DD92-1559-49B4-8807-93FB79C894FC-300x300.png 300w, http:\/\/www.aqua-sports-delligsen.de\/wp-content\/uploads\/2024\/09\/D054DD92-1559-49B4-8807-93FB79C894FC-150x150.png 150w, http:\/\/www.aqua-sports-delligsen.de\/wp-content\/uploads\/2024\/09\/D054DD92-1559-49B4-8807-93FB79C894FC-768x768.png 768w, http:\/\/www.aqua-sports-delligsen.de\/wp-content\/uploads\/2024\/09\/D054DD92-1559-49B4-8807-93FB79C894FC.png 1080w\" sizes=\"auto, (max-width: 1024px) 100vw, 1024px\" \/><\/figure>\n\n\n\n<figure class=\"wp-block-image size-large\"><img loading=\"lazy\" decoding=\"async\" width=\"1024\" height=\"1024\" src=\"http:\/\/www.aqua-sports-delligsen.de\/wp-content\/uploads\/2024\/09\/6B145256-A2D8-49F8-AA2F-C486D377CF96-1024x1024.png\" alt=\"\" class=\"wp-image-14667\" srcset=\"http:\/\/www.aqua-sports-delligsen.de\/wp-content\/uploads\/2024\/09\/6B145256-A2D8-49F8-AA2F-C486D377CF96-1024x1024.png 1024w, http:\/\/www.aqua-sports-delligsen.de\/wp-content\/uploads\/2024\/09\/6B145256-A2D8-49F8-AA2F-C486D377CF96-300x300.png 300w, http:\/\/www.aqua-sports-delligsen.de\/wp-content\/uploads\/2024\/09\/6B145256-A2D8-49F8-AA2F-C486D377CF96-150x150.png 150w, http:\/\/www.aqua-sports-delligsen.de\/wp-content\/uploads\/2024\/09\/6B145256-A2D8-49F8-AA2F-C486D377CF96-768x768.png 768w, http:\/\/www.aqua-sports-delligsen.de\/wp-content\/uploads\/2024\/09\/6B145256-A2D8-49F8-AA2F-C486D377CF96.png 1080w\" sizes=\"auto, (max-width: 1024px) 100vw, 1024px\" \/><\/figure>\n<\/div>\n\n\n\n<div class=\"wp-block-column is-layout-flow wp-block-column-is-layout-flow\">\n<figure class=\"wp-block-image size-large\"><img loading=\"lazy\" decoding=\"async\" width=\"1024\" height=\"1024\" src=\"http:\/\/www.aqua-sports-delligsen.de\/wp-content\/uploads\/2024\/09\/7C92CF37-544E-4211-9D7A-ED5672E8DF98-1024x1024.png\" alt=\"\" class=\"wp-image-14665\" srcset=\"http:\/\/www.aqua-sports-delligsen.de\/wp-content\/uploads\/2024\/09\/7C92CF37-544E-4211-9D7A-ED5672E8DF98-1024x1024.png 1024w, http:\/\/www.aqua-sports-delligsen.de\/wp-content\/uploads\/2024\/09\/7C92CF37-544E-4211-9D7A-ED5672E8DF98-300x300.png 300w, http:\/\/www.aqua-sports-delligsen.de\/wp-content\/uploads\/2024\/09\/7C92CF37-544E-4211-9D7A-ED5672E8DF98-150x150.png 150w, http:\/\/www.aqua-sports-delligsen.de\/wp-content\/uploads\/2024\/09\/7C92CF37-544E-4211-9D7A-ED5672E8DF98-768x768.png 768w, http:\/\/www.aqua-sports-delligsen.de\/wp-content\/uploads\/2024\/09\/7C92CF37-544E-4211-9D7A-ED5672E8DF98.png 1080w\" sizes=\"auto, (max-width: 1024px) 100vw, 1024px\" \/><\/figure>\n\n\n\n<figure class=\"wp-block-image size-large\"><img loading=\"lazy\" decoding=\"async\" width=\"1024\" height=\"1024\" src=\"http:\/\/www.aqua-sports-delligsen.de\/wp-content\/uploads\/2024\/09\/4BDA8FB2-B7CD-4FEF-ADB3-39198F764309-1024x1024.png\" alt=\"\" class=\"wp-image-14668\" srcset=\"http:\/\/www.aqua-sports-delligsen.de\/wp-content\/uploads\/2024\/09\/4BDA8FB2-B7CD-4FEF-ADB3-39198F764309-1024x1024.png 1024w, http:\/\/www.aqua-sports-delligsen.de\/wp-content\/uploads\/2024\/09\/4BDA8FB2-B7CD-4FEF-ADB3-39198F764309-300x300.png 300w, http:\/\/www.aqua-sports-delligsen.de\/wp-content\/uploads\/2024\/09\/4BDA8FB2-B7CD-4FEF-ADB3-39198F764309-150x150.png 150w, http:\/\/www.aqua-sports-delligsen.de\/wp-content\/uploads\/2024\/09\/4BDA8FB2-B7CD-4FEF-ADB3-39198F764309-768x768.png 768w, http:\/\/www.aqua-sports-delligsen.de\/wp-content\/uploads\/2024\/09\/4BDA8FB2-B7CD-4FEF-ADB3-39198F764309.png 1080w\" sizes=\"auto, (max-width: 1024px) 100vw, 1024px\" \/><\/figure>\n<\/div>\n\n\n\n<div class=\"wp-block-column is-layout-flow wp-block-column-is-layout-flow\">\n<figure class=\"wp-block-image size-large\"><img loading=\"lazy\" decoding=\"async\" width=\"1024\" height=\"1024\" src=\"http:\/\/www.aqua-sports-delligsen.de\/wp-content\/uploads\/2024\/09\/5AC10822-4A36-4E20-A7FF-4C591E3205CE-1024x1024.png\" alt=\"\" class=\"wp-image-14666\" srcset=\"http:\/\/www.aqua-sports-delligsen.de\/wp-content\/uploads\/2024\/09\/5AC10822-4A36-4E20-A7FF-4C591E3205CE-1024x1024.png 1024w, http:\/\/www.aqua-sports-delligsen.de\/wp-content\/uploads\/2024\/09\/5AC10822-4A36-4E20-A7FF-4C591E3205CE-300x300.png 300w, http:\/\/www.aqua-sports-delligsen.de\/wp-content\/uploads\/2024\/09\/5AC10822-4A36-4E20-A7FF-4C591E3205CE-150x150.png 150w, http:\/\/www.aqua-sports-delligsen.de\/wp-content\/uploads\/2024\/09\/5AC10822-4A36-4E20-A7FF-4C591E3205CE-768x768.png 768w, http:\/\/www.aqua-sports-delligsen.de\/wp-content\/uploads\/2024\/09\/5AC10822-4A36-4E20-A7FF-4C591E3205CE.png 1080w\" sizes=\"auto, (max-width: 1024px) 100vw, 1024px\" \/><\/figure>\n<\/div>\n<\/div>\n\n\n<div class=\"gb-container gb-container-caa9222c\">\n<div class=\"gb-container gb-container-49b63673\">\n<div class=\"gb-container gb-container-3ec1925b\">\n<div class=\"gb-container gb-container-cfead787\">\n<div style=\"background-color: var(--kenta-primary-color); border-width: 2px; border-color: var(--kenta-base-color); \" class=\"ub_call_to_action wp-block-ub-call-to-action-block\" id=\"ub_call_to_action_4b24061b-0b6d-4cb2-8208-bf67cc4cdaaa\">\n\t\t\t<div class=\"ub_call_to_action_headline\">\n\t\t\t\t<h2 class=\"ub_call_to_action_headline_text\" style=\"font-size: 30px; color: var(--kenta-base-color); text-align: center; \">Jetzt Mitglied werden!<\/h2>\n\t\t\t<\/div>\n\t\t\t<div class=\"ub_call_to_action_content\">\n\t\t\t\t<p class=\"ub_cta_content_text\" style=\"font-size: 15px; color: var(--kenta-base-color); text-align: center; \"><\/p>\n\t\t\t<\/div>\n\t\t\t<div class=\"ub_call_to_action_button\">\n\t\t\t\t<a href=\"http:\/\/www.aqua-sports-delligsen.de\/wp-content\/uploads\/2025\/03\/Eintrittserklaerung_2025_Neu.pdf\" target=\"_blank\" rel=\"noopener noreferrer\" class=\"ub_cta_button\" style=\"background-color: var(--kenta-base-color); width: 250px; \">\n\t\t\t\t\t<p class=\"ub_cta_button_text\" style=\"color: var(--kenta-primary-color); font-size: 14px; \">Hier klicken!<\/p>\n\t\t\t\t<\/a>\n\t\t\t<\/div>\n\t\t<\/div>\n<div class=\"gb-shapes\"><div class=\"gb-shape gb-shape-1\"><svg xmlns=\"http:\/\/www.w3.org\/2000\/svg\" viewBox=\"0 0 1200 194.3\" preserveAspectRatio=\"none\"><path d=\"M1200 133.3l-50 8.9c-50 8.6-150 26.9-250 31.1-100 4.2-200-4.2-300-26.7S400 89.2 300 62.2C200 35.8 100 17.5 50 8.9L0 0v194.3h1200v-61z\"\/><\/svg><\/div><\/div><\/div>\n<\/div>\n<\/div>\n<\/div>\n\n\n<p><\/p>\n\n\n\n<h2 class=\"wp-block-heading\" id=\"3-was-passiert-nach-dem-ausf%C3%BCllen-der-eintrittserkl%C3%A4rung\">Was passiert nach dem Ausf\u00fcllen der Eintrittserkl\u00e4rung?<\/h2>\n\n\n\n<p>Kurzfristig erhalten Sie eine schriftliche Best\u00e4tigung Ihrer Mitgliedschaft. Die Mitgliedsbeitr\u00e4ge werden gem\u00e4\u00df den Angaben in der Eintrittserkl\u00e4rung per Lastschriftverfahren von Ihrem Konto abgebucht.<\/p>\n\n\n\n<p>Jedes Mitglied erh\u00e4lt wichtige Informationen, wie Einladungen zur Mitgliederversammlung, etc.<\/p>\n\n\n\n<h2 class=\"wp-block-heading\" id=\"4-wie-kann-ich-aus-dem-verein-austreten\">Wie kann ich aus dem Verein austreten?<\/h2>\n\n\n\n<p>Sollten Sie das Bed\u00fcrfnis haben, aus unserem Verein auszutreten \u2013 was wir nat\u00fcrlich nicht hoffen \u2013, muss die K\u00fcndigung in schriftlicher Form fristgerecht beim Vorstand eingereicht werden (siehe \u00a76 der Satzung vom 23.02.2020).<\/p>\n\n\n\n<div class=\"wp-block-buttons is-layout-flex wp-block-buttons-is-layout-flex\">\n<div class=\"wp-block-button\"><a class=\"wp-block-button__link wp-element-button\" href=\"http:\/\/www.aqua-sports-delligsen.de\/wp-content\/uploads\/2023\/04\/Satzung_23.02.2020.pdf\">Satzung 23.02.2020<\/a><\/div>\n\n\n\n<div class=\"wp-block-button\"><a class=\"wp-block-button__link wp-element-button\" href=\"http:\/\/www.aqua-sports-delligsen.de\/wp-content\/uploads\/2025\/03\/Eintrittserklaerung_2025_Neu.pdf\">Eintrittserkl\u00e4rung<\/a><\/div>\n<\/div>\n\n\n\n<hr class=\"wp-block-separator has-alpha-channel-opacity\"\/>\n\n\n\n<div class=\"wp-block-columns is-layout-flex wp-container-core-columns-is-layout-9d6595d7 wp-block-columns-is-layout-flex\">\n<div class=\"wp-block-column is-layout-flow wp-block-column-is-layout-flow\" style=\"flex-basis:100%\">\n<div class=\"wp-block-group\"><div class=\"wp-block-group__inner-container is-layout-constrained wp-block-group-is-layout-constrained\"><\/div><\/div>\n<\/div>\n<\/div>\n","protected":false},"excerpt":{"rendered":"<p>Mitglied werden Unser Verein lebt von seinen Mitgliedern. Aktive Mitglieder, die Freude am Wasser haben, sind bei uns ebenso willkommen wie passive oder f\u00f6rdernde Mitglieder, die unseren Verein bereits mit einem geringen Beitrag unterst\u00fctzen k\u00f6nnen. Wie kann man Mitglied werden? Die Mitgliedschaft in unserem Verein zu erlangen ist ganz einfach: Sie m\u00fcssen nur die Eintrittserkl\u00e4rung [&hellip;]<\/p>\n","protected":false},"author":4,"featured_media":0,"parent":171,"menu_order":1,"comment_status":"closed","ping_status":"closed","template":"","meta":{"site-container-style":"default","site-container-layout":"default","site-sidebar-layout":"default","site-transparent-header":"default","disable-article-header":"default","disable-site-header":"default","disable-site-footer":"default","disable-content-area-spacing":"default","ngg_post_thumbnail":0,"footnotes":"[]"},"class_list":["post-222","page","type-page","status-publish","hentry"],"featured_image_src":null,"_links":{"self":[{"href":"http:\/\/www.aqua-sports-delligsen.de\/index.php?rest_route=\/wp\/v2\/pages\/222","targetHints":{"allow":["GET"]}}],"collection":[{"href":"http:\/\/www.aqua-sports-delligsen.de\/index.php?rest_route=\/wp\/v2\/pages"}],"about":[{"href":"http:\/\/www.aqua-sports-delligsen.de\/index.php?rest_route=\/wp\/v2\/types\/page"}],"author":[{"embeddable":true,"href":"http:\/\/www.aqua-sports-delligsen.de\/index.php?rest_route=\/wp\/v2\/users\/4"}],"replies":[{"embeddable":true,"href":"http:\/\/www.aqua-sports-delligsen.de\/index.php?rest_route=%2Fwp%2Fv2%2Fcomments&post=222"}],"version-history":[{"count":49,"href":"http:\/\/www.aqua-sports-delligsen.de\/index.php?rest_route=\/wp\/v2\/pages\/222\/revisions"}],"predecessor-version":[{"id":15165,"href":"http:\/\/www.aqua-sports-delligsen.de\/index.php?rest_route=\/wp\/v2\/pages\/222\/revisions\/15165"}],"up":[{"embeddable":true,"href":"http:\/\/www.aqua-sports-delligsen.de\/index.php?rest_route=\/wp\/v2\/pages\/171"}],"wp:attachment":[{"href":"http:\/\/www.aqua-sports-delligsen.de\/index.php?rest_route=%2Fwp%2Fv2%2Fmedia&parent=222"}],"curies":[{"name":"wp","href":"https:\/\/api.w.org\/{rel}","templated":true}]}}