{"id":230,"date":"2013-11-03T16:20:03","date_gmt":"2013-11-03T14:20:03","guid":{"rendered":"http:\/\/neu.aqua-sports-delligsen.de\/?page_id=230"},"modified":"2025-03-18T21:17:14","modified_gmt":"2025-03-18T19:17:14","slug":"sponsoring","status":"publish","type":"page","link":"http:\/\/www.aqua-sports-delligsen.de\/?page_id=230","title":{"rendered":"Sponsoring"},"content":{"rendered":"\n<p><\/p>\n\n\n\n<h1 class=\"wp-block-heading\">Sponsoring<\/h1>\n\n\n\n<h2 class=\"wp-block-heading\">Unterst\u00fctzung des Vereins:<\/h2>\n\n\n\n<p>Es gibt verschiedene M\u00f6glichkeiten, unseren Verein zu unterst\u00fctzen:<\/p>\n\n\n\n<h3 class=\"wp-block-heading\">Mitgliedschaft<\/h3>\n\n\n\n<p>Durch einen Mitgliedsbeitrag k\u00f6nnen Sie unserem Verein beitreten.<\/p>\n\n\n\n<h3 class=\"wp-block-heading\">Spenden<\/h3>\n\n\n\n<p>Wenden Sie sich einfach an unseren 2. Vorsitzenden. Er informiert Sie \u00fcber den Spendenablauf.<\/p>\n\n\n\n<h3 class=\"wp-block-heading\">Sponsoring<\/h3>\n\n\n\n<p>Sponsoren sind in unserem Verein herzlich willkommen. Sie haben die M\u00f6glichkeit, in den folgenden Bereichen f\u00fcr sich zu werben:<\/p>\n\n\n\n<ul class=\"wp-block-list\">\n<li>Internet<\/li>\n\n\n\n<li>Vereinsbekleidung<\/li>\n\n\n\n<li>Vereinslogo (<a href=\"http:\/\/www.aqua-sports-delligsen.de\/wp-content\/uploads\/2013\/04\/logo_aquasports_blau.zip\">Logo Aqua Sports (blau<\/a>))<\/li>\n<\/ul>\n\n\n\n<p>Sprechen Sie uns einfach an, wenn Sie Interesse am Sponsoring haben.<\/p>\n","protected":false},"excerpt":{"rendered":"<p>Sponsoring Unterst\u00fctzung des Vereins: Es gibt verschiedene M\u00f6glichkeiten, unseren Verein zu unterst\u00fctzen: Mitgliedschaft Durch einen Mitgliedsbeitrag k\u00f6nnen Sie unserem Verein beitreten. Spenden Wenden Sie sich einfach an unseren 2. Vorsitzenden. Er informiert Sie \u00fcber den Spendenablauf. Sponsoring Sponsoren sind in unserem Verein herzlich willkommen. Sie haben die M\u00f6glichkeit, in den folgenden Bereichen f\u00fcr sich zu [&hellip;]<\/p>\n","protected":false},"author":1,"featured_media":0,"parent":171,"menu_order":3,"comment_status":"closed","ping_status":"closed","template":"","meta":{"site-container-style":"default","site-container-layout":"default","site-sidebar-layout":"default","site-transparent-header":"default","disable-article-header":"default","disable-site-header":"default","disable-site-footer":"default","disable-content-area-spacing":"default","ngg_post_thumbnail":0,"footnotes":""},"class_list":["post-230","page","type-page","status-publish","hentry"],"featured_image_src":null,"_links":{"self":[{"href":"http:\/\/www.aqua-sports-delligsen.de\/index.php?rest_route=\/wp\/v2\/pages\/230","targetHints":{"allow":["GET"]}}],"collection":[{"href":"http:\/\/www.aqua-sports-delligsen.de\/index.php?rest_route=\/wp\/v2\/pages"}],"about":[{"href":"http:\/\/www.aqua-sports-delligsen.de\/index.php?rest_route=\/wp\/v2\/types\/page"}],"author":[{"embeddable":true,"href":"http:\/\/www.aqua-sports-delligsen.de\/index.php?rest_route=\/wp\/v2\/users\/1"}],"replies":[{"embeddable":true,"href":"http:\/\/www.aqua-sports-delligsen.de\/index.php?rest_route=%2Fwp%2Fv2%2Fcomments&post=230"}],"version-history":[{"count":21,"href":"http:\/\/www.aqua-sports-delligsen.de\/index.php?rest_route=\/wp\/v2\/pages\/230\/revisions"}],"predecessor-version":[{"id":15136,"href":"http:\/\/www.aqua-sports-delligsen.de\/index.php?rest_route=\/wp\/v2\/pages\/230\/revisions\/15136"}],"up":[{"embeddable":true,"href":"http:\/\/www.aqua-sports-delligsen.de\/index.php?rest_route=\/wp\/v2\/pages\/171"}],"wp:attachment":[{"href":"http:\/\/www.aqua-sports-delligsen.de\/index.php?rest_route=%2Fwp%2Fv2%2Fmedia&parent=230"}],"curies":[{"name":"wp","href":"https:\/\/api.w.org\/{rel}","templated":true}]}}