{"id":236,"date":"2013-11-03T16:24:21","date_gmt":"2013-11-03T14:24:21","guid":{"rendered":"http:\/\/neu.aqua-sports-delligsen.de\/?page_id=236"},"modified":"2025-06-22T19:46:12","modified_gmt":"2025-06-22T17:46:12","slug":"schwimmausbildung","status":"publish","type":"page","link":"http:\/\/www.aqua-sports-delligsen.de\/?page_id=236","title":{"rendered":"Schwimmausbildung"},"content":{"rendered":"\n<p><\/p>\n\n\n\n<h1 class=\"wp-block-heading\">Schwimmausbildung<\/h1>\n\n\n\n<p><strong>Mehr als 30% der Kinder unter 14 Jahren haben keine Schwimmkenntnisse!<\/strong><\/p>\n\n\n\nWir ergreifen Ma\u00dfnahmen!\n\n\n\n<p><\/p>\n\n\n\n<div class=\"wp-block-media-text is-stacked-on-mobile\"><figure class=\"wp-block-media-text__media\"><img loading=\"lazy\" decoding=\"async\" width=\"1024\" height=\"768\" src=\"http:\/\/www.aqua-sports-delligsen.de\/wp-content\/uploads\/2024\/09\/IMG_5157-scaled-e1727364209975-1024x768.jpeg\" alt=\"\" class=\"wp-image-14648 size-full\" srcset=\"http:\/\/www.aqua-sports-delligsen.de\/wp-content\/uploads\/2024\/09\/IMG_5157-scaled-e1727364209975-1024x768.jpeg 1024w, http:\/\/www.aqua-sports-delligsen.de\/wp-content\/uploads\/2024\/09\/IMG_5157-scaled-e1727364209975-300x225.jpeg 300w, http:\/\/www.aqua-sports-delligsen.de\/wp-content\/uploads\/2024\/09\/IMG_5157-scaled-e1727364209975-768x576.jpeg 768w, http:\/\/www.aqua-sports-delligsen.de\/wp-content\/uploads\/2024\/09\/IMG_5157-scaled-e1727364209975-1536x1152.jpeg 1536w, http:\/\/www.aqua-sports-delligsen.de\/wp-content\/uploads\/2024\/09\/IMG_5157-scaled-e1727364209975-2048x1536.jpeg 2048w\" sizes=\"auto, (max-width: 1024px) 100vw, 1024px\" \/><\/figure><div class=\"wp-block-media-text__content\">\n<p class=\"has-text-align-left\">Der Aqua Sports Delligsen e. V. bietet eine professionelle Schwimmausbildung f\u00fcr Kinder ab 5 Jahren unter der Anleitung von lizenzierten Schwimmtrainern und Trainerinnen, angef\u00fchrt von Heike Oppermann. <\/p>\n<\/div><\/div>\n\n\n\n<p>Die Schwimmausbildung findet jeden Mittwoch von 18:00 bis 18:45 Uhr im Lehrschwimmbecken des 7 Berge Bades in Alfeld (Leine) statt. Die Teilnehmenden werden um 17:45 Uhr im Foyer erwartet.<\/p>\n\n\n\n<h2 class=\"wp-block-heading\"><strong>F\u00fcr Anmeldungen und weitere Informationen kontaktieren Sie bitte:<\/strong><\/h2>\n\n\n\n<p>Heike Oppermann <br>\ud83d\udce7 <a>heike68@me.com<\/a><\/p>\n\n\n\n<p>Ein Einstieg in den Schwimmkurs ist jederzeit m\u00f6glich!<\/p>\n\n\n\n<p><strong>Kosten: <\/strong>Jahresmitgliedschaft, <br>               8,00 \u20ac monatlich<\/p>\n\n\n\n<p><\/p>\n","protected":false},"excerpt":{"rendered":"<p>Schwimmausbildung Mehr als 30% der Kinder unter 14 Jahren haben keine Schwimmkenntnisse! Wir ergreifen Ma\u00dfnahmen! Der Aqua Sports Delligsen e. V. bietet eine professionelle Schwimmausbildung f\u00fcr Kinder ab 5 Jahren unter der Anleitung von lizenzierten Schwimmtrainern und Trainerinnen, angef\u00fchrt von Heike Oppermann. Die Schwimmausbildung findet jeden Mittwoch von 18:00 bis 18:45 Uhr im Lehrschwimmbecken des [&hellip;]<\/p>\n","protected":false},"author":1,"featured_media":0,"parent":172,"menu_order":1,"comment_status":"closed","ping_status":"closed","template":"","meta":{"site-container-style":"default","site-container-layout":"default","site-sidebar-layout":"default","site-transparent-header":"default","disable-article-header":"default","disable-site-header":"default","disable-site-footer":"default","disable-content-area-spacing":"default","ngg_post_thumbnail":0,"footnotes":""},"class_list":["post-236","page","type-page","status-publish","hentry"],"featured_image_src":null,"_links":{"self":[{"href":"http:\/\/www.aqua-sports-delligsen.de\/index.php?rest_route=\/wp\/v2\/pages\/236","targetHints":{"allow":["GET"]}}],"collection":[{"href":"http:\/\/www.aqua-sports-delligsen.de\/index.php?rest_route=\/wp\/v2\/pages"}],"about":[{"href":"http:\/\/www.aqua-sports-delligsen.de\/index.php?rest_route=\/wp\/v2\/types\/page"}],"author":[{"embeddable":true,"href":"http:\/\/www.aqua-sports-delligsen.de\/index.php?rest_route=\/wp\/v2\/users\/1"}],"replies":[{"embeddable":true,"href":"http:\/\/www.aqua-sports-delligsen.de\/index.php?rest_route=%2Fwp%2Fv2%2Fcomments&post=236"}],"version-history":[{"count":45,"href":"http:\/\/www.aqua-sports-delligsen.de\/index.php?rest_route=\/wp\/v2\/pages\/236\/revisions"}],"predecessor-version":[{"id":15338,"href":"http:\/\/www.aqua-sports-delligsen.de\/index.php?rest_route=\/wp\/v2\/pages\/236\/revisions\/15338"}],"up":[{"embeddable":true,"href":"http:\/\/www.aqua-sports-delligsen.de\/index.php?rest_route=\/wp\/v2\/pages\/172"}],"wp:attachment":[{"href":"http:\/\/www.aqua-sports-delligsen.de\/index.php?rest_route=%2Fwp%2Fv2%2Fmedia&parent=236"}],"curies":[{"name":"wp","href":"https:\/\/api.w.org\/{rel}","templated":true}]}}