{"id":606,"date":"2014-02-02T19:54:02","date_gmt":"2014-02-02T17:54:02","guid":{"rendered":"http:\/\/neu.aqua-sports-delligsen.de\/?page_id=606"},"modified":"2024-06-30T18:30:33","modified_gmt":"2024-06-30T16:30:33","slug":"wettkampftraining","status":"publish","type":"page","link":"http:\/\/www.aqua-sports-delligsen.de\/?page_id=606","title":{"rendered":"Trainingszeiten"},"content":{"rendered":"\n<p><br><\/p>\n\n\n\n<h1 class=\"wp-block-heading\">Trainingszeiten \u00dcbersicht<\/h1>\n\n\n\n<p><strong>Das Schwimmtraining finden ganzj\u00e4hrig im 7 Berge Bad statt.<\/strong><\/p>\n\n\n\n<p>Treffen ist an den Trainingstagen jeweils 15 Min. vor \u00dcbungsstundenbeginn im Foyer des 7 Berge Bads (Haupteingang). Der Zutritt zum Sammelumkleidebereich erfolgt \u00fcber das Drehkreuz. Die Eltern\/Begleitpersonen k\u00f6nnen w\u00e4hrend der \u00dcbungsstunden nicht mit in die Schwimmhalle. <br>Wir bitten alle p\u00fcnktlich zu den \u00dcbungsstunden zu erscheinen.<\/p>\n\n\n\n<p class=\"has-text-align-center has-kenta-accent-color has-kenta-base-100-background-color has-text-color has-background has-link-color wp-elements-cc26ba0388be9895db8072fb28f0a11c\"><strong>&#8222;Wer etwas will, findet Wege. Wer etwas nicht will, findet Gr\u00fcnde&#8220;<\/strong><br>(Willy Meurer)<\/p>\n\n\n\n<p><b><a href=\"http:\/\/www.aqua-sports-delligsen.de\/wp-content\/uploads\/2021\/08\/Sportaerztliche_Untersuchung.pdf\">Formular Sport\u00e4rtzliche Untersuchung<\/a><\/b><\/p>\n\n\n\n<p><br><strong>Allgemeine Nutzungszeiten im 7 Berge Bad Alfeld ab dem 28.02.2019<\/strong><\/p>\n\n\n\n<figure class=\"wp-block-table has-small-font-size\"><table><tbody><tr><th class=\"has-text-align-center\" data-align=\"center\">Tag<\/th><th class=\"has-text-align-center\" data-align=\"center\">Uhrzeit<\/th><th class=\"has-text-align-center\" data-align=\"center\">Becken<\/th><th class=\"has-text-align-center\" data-align=\"center\"><b>Bahnen<\/b><\/th><\/tr><tr><td class=\"has-text-align-center\" data-align=\"center\">Montag<\/td><td class=\"has-text-align-center\" data-align=\"center\">16:15 &#8211; 17:00<\/td><td class=\"has-text-align-center\" data-align=\"center\">SB<\/td><td class=\"has-text-align-center\" data-align=\"center\">1<\/td><\/tr><tr><td class=\"has-text-align-center\" data-align=\"center\">Montag<\/td><td class=\"has-text-align-center\" data-align=\"center\">17:00 &#8211; 18:30<\/td><td class=\"has-text-align-center\" data-align=\"center\">SB<\/td><td class=\"has-text-align-center\" data-align=\"center\">3<\/td><\/tr><tr><td class=\"has-text-align-center\" data-align=\"center\">Mittwoch<\/td><td class=\"has-text-align-center\" data-align=\"center\">16:15 &#8211; 17:00<\/td><td class=\"has-text-align-center\" data-align=\"center\">SB<\/td><td class=\"has-text-align-center\" data-align=\"center\">1<\/td><\/tr><tr><td class=\"has-text-align-center\" data-align=\"center\">Mittwoch<\/td><td class=\"has-text-align-center\" data-align=\"center\">17:00 &#8211; 18:30<\/td><td class=\"has-text-align-center\" data-align=\"center\">SB<\/td><td class=\"has-text-align-center\" data-align=\"center\">3<\/td><\/tr><tr><td class=\"has-text-align-center\" data-align=\"center\">Mittwoch<\/td><td class=\"has-text-align-center\" data-align=\"center\">18:00 &#8211; 18:45<\/td><td class=\"has-text-align-center\" data-align=\"center\">LB<\/td><td class=\"has-text-align-center\" data-align=\"center\">&nbsp;<\/td><\/tr><tr><td class=\"has-text-align-center\" data-align=\"center\">Freitag<\/td><td class=\"has-text-align-center\" data-align=\"center\">19:30 &#8211; 21:00<\/td><td class=\"has-text-align-center\" data-align=\"center\">SB<\/td><td class=\"has-text-align-center\" data-align=\"center\">2<\/td><\/tr><tr><td class=\"has-text-align-center\" data-align=\"center\">Samstag<\/td><td class=\"has-text-align-center\" data-align=\"center\">10:30 &#8211; 12:00<\/td><td class=\"has-text-align-center\" data-align=\"center\">SB<\/td><td class=\"has-text-align-center\" data-align=\"center\">2<\/td><\/tr><\/tbody><\/table><\/figure>\n\n\n\n<h3 class=\"wp-block-heading\">Trainingszeiten  Freizeit-Gruppe<\/h3>\n\n\n\n<figure class=\"wp-block-table\"><table><tbody><tr><td>Montag<\/td><td>16:15 \u2013 17:00 Uhr<\/td><td>Heike \/ Silke<\/td><td>SB&nbsp;<\/td><\/tr><tr><td>Mittwoch<\/td><td>16:15 \u2013 17:00 Uhr<\/td><td>Heike \/ Silke<\/td><td>SB&nbsp;<\/td><\/tr><\/tbody><\/table><\/figure>\n\n\n\n<h3 class=\"wp-block-heading\">Trainingszeiten Nachwuchsgruppe <\/h3>\n\n\n\n<figure class=\"wp-block-table\"><table><tbody><tr><td>Montag<\/td><td>17:00 \u2013 18:30 Uhr<\/td><td>Heike \/ Silke<\/td><td>SB&nbsp;<\/td><\/tr><tr><td>Mittwoch<\/td><td>17:00 \u2013 18:30 Uhr<\/td><td>Heike \/ Silke<\/td><td>SB&nbsp;<\/td><\/tr><\/tbody><\/table><\/figure>\n\n\n\n<h3 class=\"wp-block-heading\">Trainingszeiten Leistungsgruppe II<\/h3>\n\n\n\n<figure class=\"wp-block-table\"><table><tbody><tr><td>Montag<\/td><td>17:00 \u2013 18:30 Uhr<\/td><td>Silke<\/td><td>SB<\/td><\/tr><tr><td>Mittwoch<\/td><td>17:00 \u2013 18:30 Uhr<\/td><td>Silke<\/td><td>SB&nbsp;<\/td><\/tr><\/tbody><\/table><\/figure>\n\n\n\n<h3 class=\"wp-block-heading\">Trainingszeiten Leistungsgruppe I<\/h3>\n\n\n\n<figure class=\"wp-block-table\"><table><tbody><tr><td>Montags<\/td><td>17:00 \u2013 18:30 Uhr<\/td><td>Ralf<\/td><td>SB&nbsp;<\/td><\/tr><tr><td>Mittwochs<\/td><td>17:00 \u2013 18:30 Uhr<\/td><td>Ralf<\/td><td>SB&nbsp;<\/td><\/tr><tr><td>Freitags<\/td><td>19:30 \u2013 21:00 Uhr<\/td><td>Ralf<\/td><td>SB&nbsp;<\/td><\/tr><tr><td>Samstags<\/td><td>10:30 \u2013 12:00 Uhr<\/td><td>Ralf<\/td><td>SB&nbsp;<\/td><\/tr><\/tbody><\/table><\/figure>\n\n\n\n<p>Freitags und Samstags k\u00f6nnen die MASTERS (\u00e4ltere Aktive, die keine Wettk\u00e4mpfe mehr schwimmen) auf den zugeteilten Bahnen trainieren.<\/p>\n\n\n\n<p><span style=\"font-size: xx-small;\">SB = Sportbecken<\/span><\/p>\n\n\n\n<p><\/p>\n","protected":false},"excerpt":{"rendered":"<p>Trainingszeiten \u00dcbersicht Das Schwimmtraining finden ganzj\u00e4hrig im 7 Berge Bad statt. Treffen ist an den Trainingstagen jeweils 15 Min. vor \u00dcbungsstundenbeginn im Foyer des 7 Berge Bads (Haupteingang). Der Zutritt zum Sammelumkleidebereich erfolgt \u00fcber das Drehkreuz. Die Eltern\/Begleitpersonen k\u00f6nnen w\u00e4hrend der \u00dcbungsstunden nicht mit in die Schwimmhalle. Wir bitten alle p\u00fcnktlich zu den \u00dcbungsstunden zu [&hellip;]<\/p>\n","protected":false},"author":2,"featured_media":0,"parent":172,"menu_order":5,"comment_status":"closed","ping_status":"closed","template":"","meta":{"site-container-style":"default","site-container-layout":"default","site-sidebar-layout":"default","site-transparent-header":"default","disable-article-header":"default","disable-site-header":"default","disable-site-footer":"default","disable-content-area-spacing":"default","ngg_post_thumbnail":0,"footnotes":""},"class_list":["post-606","page","type-page","status-publish","hentry"],"featured_image_src":null,"_links":{"self":[{"href":"http:\/\/www.aqua-sports-delligsen.de\/index.php?rest_route=\/wp\/v2\/pages\/606","targetHints":{"allow":["GET"]}}],"collection":[{"href":"http:\/\/www.aqua-sports-delligsen.de\/index.php?rest_route=\/wp\/v2\/pages"}],"about":[{"href":"http:\/\/www.aqua-sports-delligsen.de\/index.php?rest_route=\/wp\/v2\/types\/page"}],"author":[{"embeddable":true,"href":"http:\/\/www.aqua-sports-delligsen.de\/index.php?rest_route=\/wp\/v2\/users\/2"}],"replies":[{"embeddable":true,"href":"http:\/\/www.aqua-sports-delligsen.de\/index.php?rest_route=%2Fwp%2Fv2%2Fcomments&post=606"}],"version-history":[{"count":118,"href":"http:\/\/www.aqua-sports-delligsen.de\/index.php?rest_route=\/wp\/v2\/pages\/606\/revisions"}],"predecessor-version":[{"id":14381,"href":"http:\/\/www.aqua-sports-delligsen.de\/index.php?rest_route=\/wp\/v2\/pages\/606\/revisions\/14381"}],"up":[{"embeddable":true,"href":"http:\/\/www.aqua-sports-delligsen.de\/index.php?rest_route=\/wp\/v2\/pages\/172"}],"wp:attachment":[{"href":"http:\/\/www.aqua-sports-delligsen.de\/index.php?rest_route=%2Fwp%2Fv2%2Fmedia&parent=606"}],"curies":[{"name":"wp","href":"https:\/\/api.w.org\/{rel}","templated":true}]}}